{"id":663,"date":"2024-04-18T13:18:44","date_gmt":"2024-04-18T13:18:44","guid":{"rendered":"https:\/\/otomasyonetiket.com\/?page_id=663"},"modified":"2024-04-19T10:10:31","modified_gmt":"2024-04-19T10:10:31","slug":"wash-off-etiketleri","status":"publish","type":"page","link":"https:\/\/otomasyonetiket.com\/pl\/urunler\/wash-off-etiketleri\/","title":{"rendered":"Etykiety Wash-Off"},"content":{"rendered":"<div data-elementor-type=\"wp-page\" data-elementor-id=\"663\" class=\"elementor elementor-663\" data-elementor-post-type=\"page\">\n\t\t\t\t\t\t<section class=\"elementor-section elementor-top-section elementor-element elementor-element-d039482 elementor-section-boxed elementor-section-height-default elementor-section-height-default\" data-id=\"d039482\" data-element_type=\"section\" data-settings=\"{&quot;background_background&quot;:&quot;classic&quot;}\">\n\t\t\t\t\t\t\t<div class=\"elementor-background-overlay\"><\/div>\n\t\t\t\t\t\t\t<div class=\"elementor-container elementor-column-gap-default\">\n\t\t\t\t\t<div class=\"elementor-column elementor-col-100 elementor-top-column elementor-element elementor-element-7e67719\" data-id=\"7e67719\" data-element_type=\"column\">\n\t\t\t<div class=\"elementor-widget-wrap elementor-element-populated\">\n\t\t\t\t\t\t<div class=\"elementor-element elementor-element-9e51180 animated-slow elementor-invisible elementor-widget elementor-widget-text-editor\" data-id=\"9e51180\" data-element_type=\"widget\" data-settings=\"{&quot;_animation&quot;:&quot;fadeIn&quot;,&quot;_animation_delay&quot;:650}\" data-widget_type=\"text-editor.default\">\n\t\t\t\t<div class=\"elementor-widget-container\">\n\t\t\t<style>\/*! elementor - v3.21.0 - 18-04-2024 *\/\n.elementor-widget-text-editor.elementor-drop-cap-view-stacked .elementor-drop-cap{background-color:#69727d;color:#fff}.elementor-widget-text-editor.elementor-drop-cap-view-framed .elementor-drop-cap{color:#69727d;border:3px solid;background-color:transparent}.elementor-widget-text-editor:not(.elementor-drop-cap-view-default) .elementor-drop-cap{margin-top:8px}.elementor-widget-text-editor:not(.elementor-drop-cap-view-default) .elementor-drop-cap-letter{width:1em;height:1em}.elementor-widget-text-editor .elementor-drop-cap{float:left;text-align:center;line-height:1;font-size:50px}.elementor-widget-text-editor .elementor-drop-cap-letter{display:inline-block}<\/style>\t\t\t\t<p>Otomasyon Etiket ci\u0119\u017cko pracuje, aby oferowa\u0107 najtrafniejsze produkty i us\u0142ugi, kt\u00f3rych wymagaj\u0105 nasi klienci w bran\u017cy etykiet i opakowa\u0144. Zawsze b\u0119dziemy gotowi wyprodukowa\u0107 wspania\u0142e produkty i dostarczy\u0107 je we wskazane miejsce i w okre\u015blonym czasie.<\/p>\t\t\t\t\t\t<\/div>\n\t\t\t\t<\/div>\n\t\t\t\t\t<\/div>\n\t\t<\/div>\n\t\t\t\t\t<\/div>\n\t\t<\/section>\n\t\t\t\t<section class=\"elementor-section elementor-top-section elementor-element elementor-element-6de8fcc elementor-section-boxed elementor-section-height-default elementor-section-height-default elementor-invisible\" data-id=\"6de8fcc\" data-element_type=\"section\" data-settings=\"{&quot;background_background&quot;:&quot;classic&quot;,&quot;animation&quot;:&quot;fadeIn&quot;}\">\n\t\t\t\t\t\t<div class=\"elementor-container elementor-column-gap-default\">\n\t\t\t\t\t<div class=\"elementor-column elementor-col-100 elementor-top-column elementor-element elementor-element-488c896 animated-slow elementor-invisible\" data-id=\"488c896\" data-element_type=\"column\" data-settings=\"{&quot;background_background&quot;:&quot;classic&quot;,&quot;animation&quot;:&quot;fadeIn&quot;,&quot;animation_delay&quot;:800}\">\n\t\t\t<div class=\"elementor-widget-wrap elementor-element-populated\">\n\t\t\t\t\t\t<div class=\"elementor-element elementor-element-c2d59dc animated-slow elementor-invisible elementor-widget elementor-widget-text-editor\" data-id=\"c2d59dc\" data-element_type=\"widget\" data-settings=\"{&quot;_animation&quot;:&quot;fadeInLeft&quot;,&quot;_animation_delay&quot;:750}\" data-widget_type=\"text-editor.default\">\n\t\t\t\t<div class=\"elementor-widget-container\">\n\t\t\t\t\t\t\t<p>Etykiety Wash-Off to trwa\u0142e etykiety. S\u0105 one zwykle stosowane w przypadku produkt\u00f3w wielokrotnego u\u017cytku. Po powrocie produktu z kaucji etykieta \u0142atwo odpadnie bez pozostawiania \u015blad\u00f3w po umyciu. Zapewnia to ponowne wykorzystanie szklanych butelek i ma na celu zaoszcz\u0119dzenie pieni\u0119dzy.\nU\u017cywaj\u0105c jedno lub dwu procentowego roztworu sody w temperaturze 60-85 stopni Celsjusza, etykieta jest \u0142atwo oddzielana od butelki. Etykiety Wash-Off mo\u017cna \u0142atwo usun\u0105\u0107 nawet po wielu latach u\u017cytkowania.<\/p>\t\t\t\t\t\t<\/div>\n\t\t\t\t<\/div>\n\t\t\t\t\t<\/div>\n\t\t<\/div>\n\t\t\t\t\t<\/div>\n\t\t<\/section>\n\t\t\t\t<\/div>","protected":false},"excerpt":{"rendered":"<p>Otomasyon Etiket, etiket ve ambalaj sekt\u00f6r\u00fcnde m\u00fc\u015fterilerimizin talep etti\u011fi en do\u011fru \u00fcr\u00fcn ve hizmetleri sunmak i\u00e7in yo\u011fun bir \u015fekilde \u00e7al\u0131\u015fmaktad\u0131r. Muhte\u015fem \u00fcr\u00fcnler \u00fcretmeye ve bunlar\u0131 istenilen yer ve zamanda teslim etmeye her zaman haz\u0131r olaca\u011f\u0131z. Wash-Off etiketler s\u00fcrd\u00fcr\u00fclebilir etiketlerdir. Genellikle depozitolu \u00fcr\u00fcnler i\u00e7in kullan\u0131l\u0131r. \u00dcr\u00fcn\u00fcn\u00fcz depozitodan d\u00f6nd\u00fc\u011f\u00fcnde, y\u0131kanmas\u0131yla birlikte etiketi kolayca ve iz b\u0131rakmadan \u00e7\u0131kacakt\u0131r. [&hellip;]<\/p>","protected":false},"author":1,"featured_media":0,"parent":25,"menu_order":0,"comment_status":"closed","ping_status":"closed","template":"elementor_header_footer","meta":{"footnotes":""},"class_list":["post-663","page","type-page","status-publish","hentry"],"_links":{"self":[{"href":"https:\/\/otomasyonetiket.com\/pl\/wp-json\/wp\/v2\/pages\/663","targetHints":{"allow":["GET"]}}],"collection":[{"href":"https:\/\/otomasyonetiket.com\/pl\/wp-json\/wp\/v2\/pages"}],"about":[{"href":"https:\/\/otomasyonetiket.com\/pl\/wp-json\/wp\/v2\/types\/page"}],"author":[{"embeddable":true,"href":"https:\/\/otomasyonetiket.com\/pl\/wp-json\/wp\/v2\/users\/1"}],"replies":[{"embeddable":true,"href":"https:\/\/otomasyonetiket.com\/pl\/wp-json\/wp\/v2\/comments?post=663"}],"version-history":[{"count":19,"href":"https:\/\/otomasyonetiket.com\/pl\/wp-json\/wp\/v2\/pages\/663\/revisions"}],"predecessor-version":[{"id":1060,"href":"https:\/\/otomasyonetiket.com\/pl\/wp-json\/wp\/v2\/pages\/663\/revisions\/1060"}],"up":[{"embeddable":true,"href":"https:\/\/otomasyonetiket.com\/pl\/wp-json\/wp\/v2\/pages\/25"}],"wp:attachment":[{"href":"https:\/\/otomasyonetiket.com\/pl\/wp-json\/wp\/v2\/media?parent=663"}],"curies":[{"name":"wp","href":"https:\/\/api.w.org\/{rel}","templated":true}]}}