{"id":367,"date":"2023-12-16T01:08:30","date_gmt":"2023-12-16T01:08:30","guid":{"rendered":"https:\/\/otomasyonetiket.com\/?page_id=367"},"modified":"2024-04-19T09:58:48","modified_gmt":"2024-04-19T09:58:48","slug":"kendinden-yapiskanli-etiketler","status":"publish","type":"page","link":"https:\/\/otomasyonetiket.com\/pl\/urunler\/kendinden-yapiskanli-etiketler\/","title":{"rendered":"Etykiety samoprzylepne"},"content":{"rendered":"<div data-elementor-type=\"wp-page\" data-elementor-id=\"367\" class=\"elementor elementor-367\" data-elementor-post-type=\"page\">\n\t\t\t\t\t\t<section class=\"elementor-section elementor-top-section elementor-element elementor-element-d039482 elementor-section-boxed elementor-section-height-default elementor-section-height-default\" data-id=\"d039482\" data-element_type=\"section\" data-settings=\"{&quot;background_background&quot;:&quot;classic&quot;}\">\n\t\t\t\t\t\t\t<div class=\"elementor-background-overlay\"><\/div>\n\t\t\t\t\t\t\t<div class=\"elementor-container elementor-column-gap-default\">\n\t\t\t\t\t<div class=\"elementor-column elementor-col-100 elementor-top-column elementor-element elementor-element-7e67719\" data-id=\"7e67719\" data-element_type=\"column\">\n\t\t\t<div class=\"elementor-widget-wrap elementor-element-populated\">\n\t\t\t\t\t\t<div class=\"elementor-element elementor-element-9e51180 animated-slow elementor-invisible elementor-widget elementor-widget-text-editor\" data-id=\"9e51180\" data-element_type=\"widget\" data-settings=\"{&quot;_animation&quot;:&quot;fadeIn&quot;,&quot;_animation_delay&quot;:650}\" data-widget_type=\"text-editor.default\">\n\t\t\t\t<div class=\"elementor-widget-container\">\n\t\t\t<style>\/*! elementor - v3.21.0 - 18-04-2024 *\/\n.elementor-widget-text-editor.elementor-drop-cap-view-stacked .elementor-drop-cap{background-color:#69727d;color:#fff}.elementor-widget-text-editor.elementor-drop-cap-view-framed .elementor-drop-cap{color:#69727d;border:3px solid;background-color:transparent}.elementor-widget-text-editor:not(.elementor-drop-cap-view-default) .elementor-drop-cap{margin-top:8px}.elementor-widget-text-editor:not(.elementor-drop-cap-view-default) .elementor-drop-cap-letter{width:1em;height:1em}.elementor-widget-text-editor .elementor-drop-cap{float:left;text-align:center;line-height:1;font-size:50px}.elementor-widget-text-editor .elementor-drop-cap-letter{display:inline-block}<\/style>\t\t\t\t<p>Otomasyon Etiket ci\u0119\u017cko pracuje, aby oferowa\u0107 najtrafniejsze produkty i us\u0142ugi, kt\u00f3rych wymagaj\u0105 nasi klienci w bran\u017cy etykiet i opakowa\u0144. Zawsze b\u0119dziemy gotowi wyprodukowa\u0107 wspania\u0142e produkty i dostarczy\u0107 je we wskazane miejsce i w okre\u015blonym czasie.<\/p>\t\t\t\t\t\t<\/div>\n\t\t\t\t<\/div>\n\t\t\t\t\t<\/div>\n\t\t<\/div>\n\t\t\t\t\t<\/div>\n\t\t<\/section>\n\t\t\t\t<section class=\"elementor-section elementor-top-section elementor-element elementor-element-6de8fcc elementor-section-boxed elementor-section-height-default elementor-section-height-default elementor-invisible\" data-id=\"6de8fcc\" data-element_type=\"section\" data-settings=\"{&quot;background_background&quot;:&quot;classic&quot;,&quot;animation&quot;:&quot;fadeIn&quot;}\">\n\t\t\t\t\t\t<div class=\"elementor-container elementor-column-gap-default\">\n\t\t\t\t\t<div class=\"elementor-column elementor-col-100 elementor-top-column elementor-element elementor-element-488c896 animated-slow elementor-invisible\" data-id=\"488c896\" data-element_type=\"column\" data-settings=\"{&quot;background_background&quot;:&quot;classic&quot;,&quot;animation&quot;:&quot;fadeIn&quot;,&quot;animation_delay&quot;:800}\">\n\t\t\t<div class=\"elementor-widget-wrap elementor-element-populated\">\n\t\t\t\t\t\t<div class=\"elementor-element elementor-element-c2d59dc animated-slow elementor-invisible elementor-widget elementor-widget-text-editor\" data-id=\"c2d59dc\" data-element_type=\"widget\" data-settings=\"{&quot;_animation&quot;:&quot;fadeInLeft&quot;,&quot;_animation_delay&quot;:750}\" data-widget_type=\"text-editor.default\">\n\t\t\t\t<div class=\"elementor-widget-container\">\n\t\t\t\t\t\t\t<p>Dzi\u0119ki ponad 25-letniemu do\u015bwiadczeniu stworzymy zachwycaj\u0105ce etykiety z najbardziej odpowiedniego materia\u0142u dla Twojej marki! Wyb\u00f3r materia\u0142u etykiety ma kluczowe znaczenie. Przy wyborze materia\u0142u etykiety nale\u017cy wzi\u0105\u0107 pod uwag\u0119 wiele czynnik\u00f3w, takich jak zmiany temperatury, procent ekspozycji na \u015bwiat\u0142o, powierzchnie materia\u0142\u00f3w itp. Etykiety samoprzylepne maj\u0105 bardzo bogat\u0105 struktur\u0119 materia\u0142ow\u0105. Stylowe etykiety mog\u0105 by\u0107 tworzone przy u\u017cyciu takich typ\u00f3w jak Eco termiczne, powlekane, metalicznie powlekane, powlekane lakierem, powlekane Farma, termiczne, top termiczne, Vellum, aplikacja Peel &amp; Seel (Piggy Back, etykieta wielowarstwowa), Pet White, nieprzezroczyste, nieprzezroczyste pe, nieprzezroczyste pp, przezroczyste pe, przezroczyste pp, z\u0142ote pp, metalizowane pp, mikrotekst, brokat, mat, srebrny mat, wyt\u0142aczany lakier, druk klejowy (Relam Delam), ultra przezroczysty, hologram itp.<br \/><br \/>Czy nie chcia\u0142by\u015b upi\u0119kszy\u0107 swoich produkt\u00f3w, kt\u00f3re ju\u017c wygl\u0105daj\u0105 \u015bwietnie lub sprawi\u0107, by osoby niedowidz\u0105ce poczu\u0142y doskona\u0142o\u015b\u0107 Twoich produkt\u00f3w? Mo\u017cemy sprawi\u0107, \u017ce Twoje produkty b\u0119d\u0105 bardziej zauwa\u017calne i wspanialsze dzi\u0119ki aplikacjom takim jak alfabet Braille'a, sitodruk, t\u0142oczenie, z\u0142ocenie na zimno, kolory metaliczne, folia na zimno, lakier, t\u0142oczenie itp. W tym momencie mo\u017cesz by\u0107 pewien, \u017ce zesp\u00f3\u0142 badawczo-rozwojowy Otomasyon Etiket zapewni Ci najlepsz\u0105 obs\u0142ug\u0119.<\/p>\t\t\t\t\t\t<\/div>\n\t\t\t\t<\/div>\n\t\t\t\t\t<\/div>\n\t\t<\/div>\n\t\t\t\t\t<\/div>\n\t\t<\/section>\n\t\t\t\t<\/div>","protected":false},"excerpt":{"rendered":"<p>Otomasyon Etiket, etiket ve ambalaj sekt\u00f6r\u00fcnde m\u00fc\u015fterilerimizin talep etti\u011fi en do\u011fru \u00fcr\u00fcn ve hizmetleri sunmak i\u00e7in yo\u011fun bir \u015fekilde \u00e7al\u0131\u015fmaktad\u0131r. Muhte\u015fem \u00fcr\u00fcnler \u00fcretmeye ve bunlar\u0131 istenilen yer ve zamanda teslim etmeye her zaman haz\u0131r olaca\u011f\u0131z. 25 y\u0131l\u0131 a\u015fk\u0131n tecr\u00fcbemizle birlikte, markan\u0131za en uygun malzemedeki ve en g\u00f6z kama\u015ft\u0131r\u0131c\u0131 etiketleri beraber olu\u015ftural\u0131m! Etiket malzemesi se\u00e7imi hayati [&hellip;]<\/p>","protected":false},"author":1,"featured_media":0,"parent":25,"menu_order":0,"comment_status":"closed","ping_status":"closed","template":"elementor_header_footer","meta":{"footnotes":""},"class_list":["post-367","page","type-page","status-publish","hentry"],"_links":{"self":[{"href":"https:\/\/otomasyonetiket.com\/pl\/wp-json\/wp\/v2\/pages\/367","targetHints":{"allow":["GET"]}}],"collection":[{"href":"https:\/\/otomasyonetiket.com\/pl\/wp-json\/wp\/v2\/pages"}],"about":[{"href":"https:\/\/otomasyonetiket.com\/pl\/wp-json\/wp\/v2\/types\/page"}],"author":[{"embeddable":true,"href":"https:\/\/otomasyonetiket.com\/pl\/wp-json\/wp\/v2\/users\/1"}],"replies":[{"embeddable":true,"href":"https:\/\/otomasyonetiket.com\/pl\/wp-json\/wp\/v2\/comments?post=367"}],"version-history":[{"count":10,"href":"https:\/\/otomasyonetiket.com\/pl\/wp-json\/wp\/v2\/pages\/367\/revisions"}],"predecessor-version":[{"id":1000,"href":"https:\/\/otomasyonetiket.com\/pl\/wp-json\/wp\/v2\/pages\/367\/revisions\/1000"}],"up":[{"embeddable":true,"href":"https:\/\/otomasyonetiket.com\/pl\/wp-json\/wp\/v2\/pages\/25"}],"wp:attachment":[{"href":"https:\/\/otomasyonetiket.com\/pl\/wp-json\/wp\/v2\/media?parent=367"}],"curies":[{"name":"wp","href":"https:\/\/api.w.org\/{rel}","templated":true}]}}