{"id":332,"date":"2023-12-16T00:48:09","date_gmt":"2023-12-16T00:48:09","guid":{"rendered":"https:\/\/otomasyonetiket.com\/?page_id=332"},"modified":"2023-12-16T18:25:12","modified_gmt":"2023-12-16T18:25:12","slug":"kalite-kontrol","status":"publish","type":"page","link":"https:\/\/otomasyonetiket.com\/pl\/hizmetlerimiz\/kalite-kontrol\/","title":{"rendered":"Kontrola Jako\u015bci"},"content":{"rendered":"<div data-elementor-type=\"wp-page\" data-elementor-id=\"332\" class=\"elementor elementor-332\" data-elementor-post-type=\"page\">\n\t\t\t\t\t\t<section class=\"elementor-section elementor-top-section elementor-element elementor-element-f23a06b elementor-section-boxed elementor-section-height-default elementor-section-height-default\" data-id=\"f23a06b\" data-element_type=\"section\" data-settings=\"{&quot;background_background&quot;:&quot;classic&quot;}\">\n\t\t\t\t\t\t\t<div class=\"elementor-background-overlay\"><\/div>\n\t\t\t\t\t\t\t<div class=\"elementor-container elementor-column-gap-default\">\n\t\t\t\t\t<div class=\"elementor-column elementor-col-100 elementor-top-column elementor-element elementor-element-13b1eec\" data-id=\"13b1eec\" data-element_type=\"column\">\n\t\t\t<div class=\"elementor-widget-wrap elementor-element-populated\">\n\t\t\t\t\t\t<div class=\"elementor-element elementor-element-87aad3a animated-slow elementor-invisible elementor-widget elementor-widget-text-editor\" data-id=\"87aad3a\" data-element_type=\"widget\" data-settings=\"{&quot;_animation&quot;:&quot;fadeIn&quot;,&quot;_animation_delay&quot;:650}\" data-widget_type=\"text-editor.default\">\n\t\t\t\t<div class=\"elementor-widget-container\">\n\t\t\t<style>\/*! elementor - v3.21.0 - 18-04-2024 *\/\n.elementor-widget-text-editor.elementor-drop-cap-view-stacked .elementor-drop-cap{background-color:#69727d;color:#fff}.elementor-widget-text-editor.elementor-drop-cap-view-framed .elementor-drop-cap{color:#69727d;border:3px solid;background-color:transparent}.elementor-widget-text-editor:not(.elementor-drop-cap-view-default) .elementor-drop-cap{margin-top:8px}.elementor-widget-text-editor:not(.elementor-drop-cap-view-default) .elementor-drop-cap-letter{width:1em;height:1em}.elementor-widget-text-editor .elementor-drop-cap{float:left;text-align:center;line-height:1;font-size:50px}.elementor-widget-text-editor .elementor-drop-cap-letter{display:inline-block}<\/style>\t\t\t\tB\u0119dziemy sprawdza\u0107 jako\u015b\u0107 Twoich etykiet na ka\u017cdym etapie. Nasz zesp\u00f3\u0142 ekspert\u00f3w ds. kontroli jako\u015bci sprawdzi jako\u015b\u0107 produkt\u00f3w na trzech r\u00f3\u017cnych etapach. Jednym z naszych g\u0142\u00f3wnych cel\u00f3w jest oferowanie produkt\u00f3w najwy\u017cszej jako\u015bci dzi\u0119ki naszemu najnowocze\u015bniejszemu sprz\u0119towi.\t\t\t\t\t\t<\/div>\n\t\t\t\t<\/div>\n\t\t\t\t\t<\/div>\n\t\t<\/div>\n\t\t\t\t\t<\/div>\n\t\t<\/section>\n\t\t\t\t<section class=\"elementor-section elementor-top-section elementor-element elementor-element-9240da9 elementor-section-boxed elementor-section-height-default elementor-section-height-default elementor-invisible\" data-id=\"9240da9\" data-element_type=\"section\" data-settings=\"{&quot;background_background&quot;:&quot;classic&quot;,&quot;animation&quot;:&quot;fadeIn&quot;}\">\n\t\t\t\t\t\t<div class=\"elementor-container elementor-column-gap-default\">\n\t\t\t\t\t<div class=\"elementor-column elementor-col-100 elementor-top-column elementor-element elementor-element-15dd1fb animated-slow elementor-invisible\" data-id=\"15dd1fb\" data-element_type=\"column\" data-settings=\"{&quot;background_background&quot;:&quot;classic&quot;,&quot;animation&quot;:&quot;fadeIn&quot;,&quot;animation_delay&quot;:800}\">\n\t\t\t<div class=\"elementor-widget-wrap elementor-element-populated\">\n\t\t\t\t\t\t<div class=\"elementor-element elementor-element-8fdad81 animated-slow elementor-invisible elementor-widget elementor-widget-text-editor\" data-id=\"8fdad81\" data-element_type=\"widget\" data-settings=\"{&quot;_animation&quot;:&quot;fadeInLeft&quot;,&quot;_animation_delay&quot;:750}\" data-widget_type=\"text-editor.default\">\n\t\t\t\t<div class=\"elementor-widget-container\">\n\t\t\t\t\t\t\t<p><strong>Kontrola przed drukiem<\/strong><\/p><p>Prace graficzne, kt\u00f3re uzyskaj\u0105 akceptacj\u0119 klienta, s\u0105 szybko przygotowywane do obr\u00f3bki przed drukiem. Podczas kontroli przed drukiem sprawdzane s\u0105 odcienie kolor\u00f3w. Korekty kolor\u00f3w dokonywane s\u0105 w skali, kt\u00f3rej ludzkie oko nie jest w stanie rozr\u00f3\u017cni\u0107. Upewniamy si\u0119, \u017ce jeste\u015bmy gotowi do produkcji z okre\u015blonym kolorem.<\/p>\t\t\t\t\t\t<\/div>\n\t\t\t\t<\/div>\n\t\t\t\t\t<\/div>\n\t\t<\/div>\n\t\t\t\t\t<\/div>\n\t\t<\/section>\n\t\t\t\t<section class=\"elementor-section elementor-top-section elementor-element elementor-element-05c9d94 elementor-section-boxed elementor-section-height-default elementor-section-height-default elementor-invisible\" data-id=\"05c9d94\" data-element_type=\"section\" data-settings=\"{&quot;background_background&quot;:&quot;classic&quot;,&quot;animation&quot;:&quot;fadeIn&quot;}\">\n\t\t\t\t\t\t<div class=\"elementor-container elementor-column-gap-default\">\n\t\t\t\t\t<div class=\"elementor-column elementor-col-100 elementor-top-column elementor-element elementor-element-cdc50e6 animated-slow elementor-invisible\" data-id=\"cdc50e6\" data-element_type=\"column\" data-settings=\"{&quot;background_background&quot;:&quot;classic&quot;,&quot;animation&quot;:&quot;fadeIn&quot;,&quot;animation_delay&quot;:800}\">\n\t\t\t<div class=\"elementor-widget-wrap elementor-element-populated\">\n\t\t\t\t\t\t<div class=\"elementor-element elementor-element-87b6f41 animated-slow elementor-invisible elementor-widget elementor-widget-text-editor\" data-id=\"87b6f41\" data-element_type=\"widget\" data-settings=\"{&quot;_animation&quot;:&quot;fadeInLeft&quot;,&quot;_animation_delay&quot;:750}\" data-widget_type=\"text-editor.default\">\n\t\t\t\t<div class=\"elementor-widget-container\">\n\t\t\t\t\t\t\t<p><strong>Kontrola podczas drukowania<\/strong><\/p><p>Mamy trzy oddzielne etapy kontroli podczas produkcji. Najpierw drukowane s\u0105 formy, ostrza s\u0105 ci\u0119te i sprawdzane s\u0105 rodzaje materia\u0142\u00f3w. Nast\u0119pnie, gdy tylko rozpocznie si\u0119 proces drukowania, pobierana jest pr\u00f3bka z maszyn i por\u00f3wnywana z seriami. Kolejnym krokiem kontrolnym jest sprawdzenie losowych pr\u00f3bek pobranych w trakcie produkcji. Opr\u00f3cz tego ca\u0142y proces jest zabezpieczony przez nasze w pe\u0142ni zautomatyzowane kamery kontroli wideo.<\/p>\t\t\t\t\t\t<\/div>\n\t\t\t\t<\/div>\n\t\t\t\t\t<\/div>\n\t\t<\/div>\n\t\t\t\t\t<\/div>\n\t\t<\/section>\n\t\t\t\t<section class=\"elementor-section elementor-top-section elementor-element elementor-element-fb31995 elementor-section-boxed elementor-section-height-default elementor-section-height-default elementor-invisible\" data-id=\"fb31995\" data-element_type=\"section\" data-settings=\"{&quot;background_background&quot;:&quot;classic&quot;,&quot;animation&quot;:&quot;fadeIn&quot;}\">\n\t\t\t\t\t\t<div class=\"elementor-container elementor-column-gap-default\">\n\t\t\t\t\t<div class=\"elementor-column elementor-col-100 elementor-top-column elementor-element elementor-element-ed0d3d8 animated-slow elementor-invisible\" data-id=\"ed0d3d8\" data-element_type=\"column\" data-settings=\"{&quot;background_background&quot;:&quot;classic&quot;,&quot;animation&quot;:&quot;fadeIn&quot;,&quot;animation_delay&quot;:800}\">\n\t\t\t<div class=\"elementor-widget-wrap elementor-element-populated\">\n\t\t\t\t\t\t<div class=\"elementor-element elementor-element-d05f038 animated-slow elementor-invisible elementor-widget elementor-widget-text-editor\" data-id=\"d05f038\" data-element_type=\"widget\" data-settings=\"{&quot;_animation&quot;:&quot;fadeInLeft&quot;,&quot;_animation_delay&quot;:750}\" data-widget_type=\"text-editor.default\">\n\t\t\t\t<div class=\"elementor-widget-container\">\n\t\t\t\t\t\t\t<p><strong>Kontrola po druku<\/strong><\/p><p>W ramach kontroli po druku, kt\u00f3r\u0105 okre\u015blamy jako ko\u0144cowy etap kontroli, przetwarzamy gotowe produkty w naszych maszynach kontrolnych przed wys\u0142aniem ich do klienta. Twoje produkty, kt\u00f3re poddajemy ostatecznej kontroli za pomoc\u0105 kamery wideo, s\u0105 wysy\u0142ane do Ciebie zgodnie z nasz\u0105 polityk\u0105 wysokiej jako\u015bci.<\/p>\t\t\t\t\t\t<\/div>\n\t\t\t\t<\/div>\n\t\t\t\t\t<\/div>\n\t\t<\/div>\n\t\t\t\t\t<\/div>\n\t\t<\/section>\n\t\t\t\t<section class=\"elementor-section elementor-top-section elementor-element elementor-element-68a4757 elementor-section-boxed elementor-section-height-default elementor-section-height-default\" data-id=\"68a4757\" data-element_type=\"section\">\n\t\t\t\t\t\t<div class=\"elementor-container elementor-column-gap-default\">\n\t\t\t\t\t<div class=\"elementor-column elementor-col-33 elementor-top-column elementor-element elementor-element-6b7f80b\" data-id=\"6b7f80b\" data-element_type=\"column\">\n\t\t\t<div class=\"elementor-widget-wrap elementor-element-populated\">\n\t\t\t\t\t\t<div class=\"elementor-element elementor-element-561de0a elementor-widget elementor-widget-counter\" data-id=\"561de0a\" data-element_type=\"widget\" data-widget_type=\"counter.default\">\n\t\t\t\t<div class=\"elementor-widget-container\">\n\t\t\t<style>\/*! elementor - v3.21.0 - 18-04-2024 *\/\n.elementor-counter{display:flex;justify-content:center;align-items:stretch;flex-direction:column-reverse}.elementor-counter .elementor-counter-number{flex-grow:var(--counter-number-grow,0)}.elementor-counter .elementor-counter-number-wrapper{flex:1;display:flex;font-size:69px;font-weight:600;line-height:1;text-align:center}.elementor-counter .elementor-counter-number-prefix{text-align:end;flex-grow:var(--counter-prefix-grow,1);white-space:pre-wrap}.elementor-counter .elementor-counter-number-suffix{text-align:start;flex-grow:var(--counter-suffix-grow,1);white-space:pre-wrap}.elementor-counter .elementor-counter-title{flex:1;display:flex;justify-content:center;align-items:center;margin:0;padding:0;font-size:19px;font-weight:400;line-height:2.5}<\/style>\t\t<div class=\"elementor-counter\">\n\t\t\t<div class=\"elementor-counter-title\">Lat Do\u015bwiadczenia<\/div>\t\t\t<div class=\"elementor-counter-number-wrapper\">\n\t\t\t\t<span class=\"elementor-counter-number-prefix\"><\/span>\n\t\t\t\t<span class=\"elementor-counter-number\" data-duration=\"2000\" data-to-value=\"26\" data-from-value=\"0\" data-delimiter=\",\">0<\/span>\n\t\t\t\t<span class=\"elementor-counter-number-suffix\">+<\/span>\n\t\t\t<\/div>\n\t\t<\/div>\n\t\t\t\t<\/div>\n\t\t\t\t<\/div>\n\t\t\t\t\t<\/div>\n\t\t<\/div>\n\t\t\t\t<div class=\"elementor-column elementor-col-33 elementor-top-column elementor-element elementor-element-33bdde1\" data-id=\"33bdde1\" data-element_type=\"column\">\n\t\t\t<div class=\"elementor-widget-wrap elementor-element-populated\">\n\t\t\t\t\t\t<div class=\"elementor-element elementor-element-f47c192 elementor-widget elementor-widget-counter\" data-id=\"f47c192\" data-element_type=\"widget\" data-widget_type=\"counter.default\">\n\t\t\t\t<div class=\"elementor-widget-container\">\n\t\t\t\t\t<div class=\"elementor-counter\">\n\t\t\t<div class=\"elementor-counter-title\">Produkt<\/div>\t\t\t<div class=\"elementor-counter-number-wrapper\">\n\t\t\t\t<span class=\"elementor-counter-number-prefix\"><\/span>\n\t\t\t\t<span class=\"elementor-counter-number\" data-duration=\"2000\" data-to-value=\"100\" data-from-value=\"0\" data-delimiter=\",\">0<\/span>\n\t\t\t\t<span class=\"elementor-counter-number-suffix\">+<\/span>\n\t\t\t<\/div>\n\t\t<\/div>\n\t\t\t\t<\/div>\n\t\t\t\t<\/div>\n\t\t\t\t\t<\/div>\n\t\t<\/div>\n\t\t\t\t<div class=\"elementor-column elementor-col-33 elementor-top-column elementor-element elementor-element-ad33ead\" data-id=\"ad33ead\" data-element_type=\"column\">\n\t\t\t<div class=\"elementor-widget-wrap elementor-element-populated\">\n\t\t\t\t\t\t<div class=\"elementor-element elementor-element-a93627e elementor-widget elementor-widget-counter\" data-id=\"a93627e\" data-element_type=\"widget\" data-widget_type=\"counter.default\">\n\t\t\t\t<div class=\"elementor-widget-container\">\n\t\t\t\t\t<div class=\"elementor-counter\">\n\t\t\t<div class=\"elementor-counter-title\">Klient Korporacyjny<\/div>\t\t\t<div class=\"elementor-counter-number-wrapper\">\n\t\t\t\t<span class=\"elementor-counter-number-prefix\"><\/span>\n\t\t\t\t<span class=\"elementor-counter-number\" data-duration=\"2000\" data-to-value=\"1000\" data-from-value=\"0\" data-delimiter=\",\">0<\/span>\n\t\t\t\t<span class=\"elementor-counter-number-suffix\">+<\/span>\n\t\t\t<\/div>\n\t\t<\/div>\n\t\t\t\t<\/div>\n\t\t\t\t<\/div>\n\t\t\t\t\t<\/div>\n\t\t<\/div>\n\t\t\t\t\t<\/div>\n\t\t<\/section>\n\t\t\t\t<\/div>","protected":false},"excerpt":{"rendered":"<p>Etiketlerinizin kalitesini her a\u015famada kontrol ediyor olaca\u011f\u0131z. Alan\u0131nda uzman kalite kontrol ekibimiz \u00fc\u00e7 farkl\u0131 a\u015famada \u00fcr\u00fcnlerin kalitesini kontrol ediyor olacaklar. Son teknoloji ekipmanlar\u0131m\u0131zla birlikte, sizlere en kaliteli \u00fcr\u00fcn\u00fc sunmak bizim ana hedeflerimizden biri. Bask\u0131 \u00d6ncesi Kontrol Onay\u0131n\u0131zdan ge\u00e7en grafik \u00e7al\u0131\u015fmalar\u0131 h\u0131zl\u0131ca bask\u0131 \u00f6ncesi i\u015fleme haz\u0131rlan\u0131r. Bask\u0131 \u00f6ncesi kontrollerde, renk tonlar\u0131 kontrol edilir. \u0130nsan g\u00f6z\u00fcn\u00fcn ay\u0131rt [&hellip;]<\/p>","protected":false},"author":1,"featured_media":0,"parent":27,"menu_order":0,"comment_status":"closed","ping_status":"closed","template":"elementor_header_footer","meta":{"footnotes":""},"class_list":["post-332","page","type-page","status-publish","hentry"],"_links":{"self":[{"href":"https:\/\/otomasyonetiket.com\/pl\/wp-json\/wp\/v2\/pages\/332","targetHints":{"allow":["GET"]}}],"collection":[{"href":"https:\/\/otomasyonetiket.com\/pl\/wp-json\/wp\/v2\/pages"}],"about":[{"href":"https:\/\/otomasyonetiket.com\/pl\/wp-json\/wp\/v2\/types\/page"}],"author":[{"embeddable":true,"href":"https:\/\/otomasyonetiket.com\/pl\/wp-json\/wp\/v2\/users\/1"}],"replies":[{"embeddable":true,"href":"https:\/\/otomasyonetiket.com\/pl\/wp-json\/wp\/v2\/comments?post=332"}],"version-history":[{"count":7,"href":"https:\/\/otomasyonetiket.com\/pl\/wp-json\/wp\/v2\/pages\/332\/revisions"}],"predecessor-version":[{"id":474,"href":"https:\/\/otomasyonetiket.com\/pl\/wp-json\/wp\/v2\/pages\/332\/revisions\/474"}],"up":[{"embeddable":true,"href":"https:\/\/otomasyonetiket.com\/pl\/wp-json\/wp\/v2\/pages\/27"}],"wp:attachment":[{"href":"https:\/\/otomasyonetiket.com\/pl\/wp-json\/wp\/v2\/media?parent=332"}],"curies":[{"name":"wp","href":"https:\/\/api.w.org\/{rel}","templated":true}]}}