{"id":21,"date":"2023-12-02T00:29:57","date_gmt":"2023-12-02T00:29:57","guid":{"rendered":"https:\/\/otomasyonetiket.com\/?page_id=21"},"modified":"2023-12-15T23:15:14","modified_gmt":"2023-12-15T23:15:14","slug":"hakkimizda","status":"publish","type":"page","link":"https:\/\/otomasyonetiket.com\/pl\/hakkimizda\/","title":{"rendered":"O nas"},"content":{"rendered":"<div data-elementor-type=\"wp-page\" data-elementor-id=\"21\" class=\"elementor elementor-21\" data-elementor-post-type=\"page\">\n\t\t\t\t\t\t<section class=\"elementor-section elementor-top-section elementor-element elementor-element-04aeb6a elementor-section-boxed elementor-section-height-default elementor-section-height-default\" data-id=\"04aeb6a\" data-element_type=\"section\" data-settings=\"{&quot;background_background&quot;:&quot;classic&quot;}\">\n\t\t\t\t\t\t\t<div class=\"elementor-background-overlay\"><\/div>\n\t\t\t\t\t\t\t<div class=\"elementor-container elementor-column-gap-default\">\n\t\t\t\t\t<div class=\"elementor-column elementor-col-100 elementor-top-column elementor-element elementor-element-1811363\" data-id=\"1811363\" data-element_type=\"column\">\n\t\t\t<div class=\"elementor-widget-wrap elementor-element-populated\">\n\t\t\t\t\t\t<div class=\"elementor-element elementor-element-f5860e9 animated-slow elementor-invisible elementor-widget elementor-widget-text-editor\" data-id=\"f5860e9\" data-element_type=\"widget\" data-settings=\"{&quot;_animation&quot;:&quot;fadeIn&quot;,&quot;_animation_delay&quot;:650}\" data-widget_type=\"text-editor.default\">\n\t\t\t\t<div class=\"elementor-widget-container\">\n\t\t\t<style>\/*! elementor - v3.21.0 - 18-04-2024 *\/\n.elementor-widget-text-editor.elementor-drop-cap-view-stacked .elementor-drop-cap{background-color:#69727d;color:#fff}.elementor-widget-text-editor.elementor-drop-cap-view-framed .elementor-drop-cap{color:#69727d;border:3px solid;background-color:transparent}.elementor-widget-text-editor:not(.elementor-drop-cap-view-default) .elementor-drop-cap{margin-top:8px}.elementor-widget-text-editor:not(.elementor-drop-cap-view-default) .elementor-drop-cap-letter{width:1em;height:1em}.elementor-widget-text-editor .elementor-drop-cap{float:left;text-align:center;line-height:1;font-size:50px}.elementor-widget-text-editor .elementor-drop-cap-letter{display:inline-block}<\/style>\t\t\t\t\nOtomasyon Etiket Bask\u0131 Ambalaj San. ve Tic. Ltd. \u015eti. zosta\u0142a za\u0142o\u017cona w 1998 roku w Stambule, jednym z najwa\u017cniejszych o\u015brodk\u00f3w przemys\u0142u etykietowego. Przeszli\u015bmy przez szybki rozw\u00f3j wraz z inwestycjami i osi\u0105gn\u0119li\u015bmy wysok\u0105 pozycj\u0119 w bardzo konkurencyjnym \u015brodowisku w sektorze etykiet.\t\t\t\t\t\t<\/div>\n\t\t\t\t<\/div>\n\t\t\t\t\t<\/div>\n\t\t<\/div>\n\t\t\t\t\t<\/div>\n\t\t<\/section>\n\t\t\t\t<section class=\"elementor-section elementor-top-section elementor-element elementor-element-1606117 elementor-section-boxed elementor-section-height-default elementor-section-height-default\" data-id=\"1606117\" data-element_type=\"section\" data-settings=\"{&quot;background_background&quot;:&quot;classic&quot;}\">\n\t\t\t\t\t\t<div class=\"elementor-container elementor-column-gap-default\">\n\t\t\t\t\t<div class=\"elementor-column elementor-col-50 elementor-top-column elementor-element elementor-element-137d724 elementor-invisible\" data-id=\"137d724\" data-element_type=\"column\" data-settings=\"{&quot;background_background&quot;:&quot;classic&quot;,&quot;animation&quot;:&quot;fadeIn&quot;}\">\n\t\t\t<div class=\"elementor-widget-wrap elementor-element-populated\">\n\t\t\t\t\t\t<div class=\"elementor-element elementor-element-1f3e63a elementor-widget elementor-widget-heading\" data-id=\"1f3e63a\" data-element_type=\"widget\" data-widget_type=\"heading.default\">\n\t\t\t\t<div class=\"elementor-widget-container\">\n\t\t\t<style>\/*! elementor - v3.21.0 - 18-04-2024 *\/\n.elementor-heading-title{padding:0;margin:0;line-height:1}.elementor-widget-heading .elementor-heading-title[class*=elementor-size-]>a{color:inherit;font-size:inherit;line-height:inherit}.elementor-widget-heading .elementor-heading-title.elementor-size-small{font-size:15px}.elementor-widget-heading .elementor-heading-title.elementor-size-medium{font-size:19px}.elementor-widget-heading .elementor-heading-title.elementor-size-large{font-size:29px}.elementor-widget-heading .elementor-heading-title.elementor-size-xl{font-size:39px}.elementor-widget-heading .elementor-heading-title.elementor-size-xxl{font-size:59px}<\/style><h2 class=\"elementor-heading-title elementor-size-default\">Misja<\/h2>\t\t<\/div>\n\t\t\t\t<\/div>\n\t\t\t\t<div class=\"elementor-element elementor-element-a5cb6d4 elementor-widget elementor-widget-text-editor\" data-id=\"a5cb6d4\" data-element_type=\"widget\" data-widget_type=\"text-editor.default\">\n\t\t\t\t<div class=\"elementor-widget-container\">\n\t\t\t\t\t\t\tOtomasyon Etiket ci\u0119\u017cko pracuje, aby oferowa\u0107 najtrafniejsze produkty i us\u0142ugi, kt\u00f3rych wymagaj\u0105 nasi klienci w bran\u017cy etykiet i opakowa\u0144. Zawsze b\u0119dziemy gotowi wyprodukowa\u0107 wspania\u0142e produkty i dostarczy\u0107 je we wskazane miejsce i w okre\u015blonym czasie.\t\t\t\t\t\t<\/div>\n\t\t\t\t<\/div>\n\t\t\t\t\t<\/div>\n\t\t<\/div>\n\t\t\t\t<div class=\"elementor-column elementor-col-50 elementor-top-column elementor-element elementor-element-3b3128c\" data-id=\"3b3128c\" data-element_type=\"column\" data-settings=\"{&quot;background_background&quot;:&quot;classic&quot;}\">\n\t\t\t<div class=\"elementor-widget-wrap elementor-element-populated\">\n\t\t\t\t\t\t<div class=\"elementor-element elementor-element-6c02e14 elementor-invisible elementor-widget elementor-widget-heading\" data-id=\"6c02e14\" data-element_type=\"widget\" data-settings=\"{&quot;_animation&quot;:&quot;fadeIn&quot;}\" data-widget_type=\"heading.default\">\n\t\t\t\t<div class=\"elementor-widget-container\">\n\t\t\t<h2 class=\"elementor-heading-title elementor-size-default\">Wizja<\/h2>\t\t<\/div>\n\t\t\t\t<\/div>\n\t\t\t\t<div class=\"elementor-element elementor-element-64a6749 elementor-invisible elementor-widget elementor-widget-text-editor\" data-id=\"64a6749\" data-element_type=\"widget\" data-settings=\"{&quot;_animation&quot;:&quot;fadeIn&quot;}\" data-widget_type=\"text-editor.default\">\n\t\t\t\t<div class=\"elementor-widget-container\">\n\t\t\t\t\t\t\tNasz\u0105 wizj\u0105 jest zadowolenie naszych klient\u00f3w. W tym momencie tworzenie unikalnych projekt\u00f3w, wytwarzanie produkt\u00f3w odpowiednich dla ka\u017cdego sektora i firmy oraz spe\u0142nianie i przekraczanie standard\u00f3w jako\u015bci jest dla nas bardzo wa\u017cn\u0105 odpowiedzialno\u015bci\u0105. Jednym z naszych wa\u017cnych cel\u00f3w jest oferowanie naszym klientom najlepszych cen, us\u0142ug i jako\u015bci oraz bycie najbardziej niezb\u0119dn\u0105 firm\u0105 w bran\u017cy.\t\t\t\t\t\t<\/div>\n\t\t\t\t<\/div>\n\t\t\t\t\t<\/div>\n\t\t<\/div>\n\t\t\t\t\t<\/div>\n\t\t<\/section>\n\t\t\t\t<section class=\"elementor-section elementor-top-section elementor-element elementor-element-2a09a2a elementor-section-boxed elementor-section-height-default elementor-section-height-default elementor-invisible\" data-id=\"2a09a2a\" data-element_type=\"section\" data-settings=\"{&quot;animation&quot;:&quot;fadeIn&quot;}\">\n\t\t\t\t\t\t<div class=\"elementor-container elementor-column-gap-default\">\n\t\t\t\t\t<div class=\"elementor-column elementor-col-100 elementor-top-column elementor-element elementor-element-99ccb54\" data-id=\"99ccb54\" data-element_type=\"column\">\n\t\t\t<div class=\"elementor-widget-wrap elementor-element-populated\">\n\t\t\t\t\t\t<div class=\"elementor-element elementor-element-e6a477d elementor-widget elementor-widget-text-editor\" data-id=\"e6a477d\" data-element_type=\"widget\" data-widget_type=\"text-editor.default\">\n\t\t\t\t<div class=\"elementor-widget-container\">\n\t\t\t\t\t\t\t<p>Obecnie, dzi\u0119ki ponad 25-letniemu do\u015bwiadczeniu, gwarantujemy naszym klientom us\u0142ugi najwy\u017cszej jako\u015bci. Dzi\u0119ki naszym nowym maszynom technologicznym i centrum produkcyjnemu jeste\u015bmy w stanie sprosta\u0107 wszelkim wymaganiom. W tym momencie przywi\u0105zujemy du\u017c\u0105 wag\u0119 do naszych prac badawczo-rozwojowych.<\/p><p>Nieustannie pod\u0105\u017camy za standardami dotycz\u0105cymi ochrony \u015brodowiska, technologii, zdrowia ludzkiego i kontroli jako\u015bci, kt\u00f3re rozwijaj\u0105 si\u0119 na ca\u0142ym \u015bwiecie, i poddajemy si\u0119 ci\u0105g\u0142emu doskonaleniu w tej dziedzinie.<\/p><p>Jednym z naszych cel\u00f3w jest tworzenie spektakularnych etykiet z naszym ekspertem i kreatywnym zespo\u0142em graficznym oraz wytwarzanie produktu, kt\u00f3ry najlepiej odpowiada potrzebom naszych klient\u00f3w. Chcieliby\u015bmy, aby\u015b wiedzia\u0142, \u017ce Twoja reputacja jest r\u00f3wnie\u017c nasz\u0105 reputacj\u0105!<\/p>\t\t\t\t\t\t<\/div>\n\t\t\t\t<\/div>\n\t\t\t\t\t<\/div>\n\t\t<\/div>\n\t\t\t\t\t<\/div>\n\t\t<\/section>\n\t\t\t\t<\/div>","protected":false},"excerpt":{"rendered":"<p>Otomasyon Etiket Bask\u0131 Ambalaj San. ve Tic. Ltd. \u015eti. 1998 y\u0131l\u0131nda etiket sekt\u00f6r\u00fcn\u00fcn en \u00f6nemli merkezlerinden biri olan \u0130stanbul\u2019da kuruldu. Yat\u0131r\u0131mlarla birlikte h\u0131zl\u0131 bir b\u00fcy\u00fcme geli\u015fimi ya\u015fad\u0131k ve etiket sekt\u00f6r\u00fcnde yo\u011fun rekabet ortam\u0131nda yerimizi ald\u0131k. Misyon Otomasyon Etiket, etiket ve ambalaj sekt\u00f6r\u00fcnde m\u00fc\u015fterilerimizin talep etti\u011fi en do\u011fru \u00fcr\u00fcn ve hizmetleri sunmak i\u00e7in yo\u011fun bir \u015fekilde [&hellip;]<\/p>","protected":false},"author":1,"featured_media":0,"parent":0,"menu_order":0,"comment_status":"closed","ping_status":"closed","template":"elementor_header_footer","meta":{"footnotes":""},"class_list":["post-21","page","type-page","status-publish","hentry"],"_links":{"self":[{"href":"https:\/\/otomasyonetiket.com\/pl\/wp-json\/wp\/v2\/pages\/21","targetHints":{"allow":["GET"]}}],"collection":[{"href":"https:\/\/otomasyonetiket.com\/pl\/wp-json\/wp\/v2\/pages"}],"about":[{"href":"https:\/\/otomasyonetiket.com\/pl\/wp-json\/wp\/v2\/types\/page"}],"author":[{"embeddable":true,"href":"https:\/\/otomasyonetiket.com\/pl\/wp-json\/wp\/v2\/users\/1"}],"replies":[{"embeddable":true,"href":"https:\/\/otomasyonetiket.com\/pl\/wp-json\/wp\/v2\/comments?post=21"}],"version-history":[{"count":37,"href":"https:\/\/otomasyonetiket.com\/pl\/wp-json\/wp\/v2\/pages\/21\/revisions"}],"predecessor-version":[{"id":263,"href":"https:\/\/otomasyonetiket.com\/pl\/wp-json\/wp\/v2\/pages\/21\/revisions\/263"}],"wp:attachment":[{"href":"https:\/\/otomasyonetiket.com\/pl\/wp-json\/wp\/v2\/media?parent=21"}],"curies":[{"name":"wp","href":"https:\/\/api.w.org\/{rel}","templated":true}]}}